{"id":17,"date":"2020-05-14T02:21:10","date_gmt":"2020-05-13T23:21:10","guid":{"rendered":"http:\/\/www.aydinlarharita.com\/?page_id=17"},"modified":"2020-05-16T03:14:31","modified_gmt":"2020-05-16T00:14:31","slug":"hakkimizda","status":"publish","type":"page","link":"https:\/\/www.aydinlarharita.com\/index.php\/hakkimizda\/","title":{"rendered":"Hakk\u0131m\u0131zda"},"content":{"rendered":"\n\t<section class=\"section\" id=\"section_646873835\">\n\t\t<div class=\"bg section-bg fill bg-fill  bg-loaded\" >\n\n\t\t\t\n\t\t\t<div class=\"section-bg-overlay absolute fill\"><\/div>\n\t\t\t\n\n\t\t<\/div><!-- .section-bg -->\n\n\t\t<div class=\"section-content relative\">\n\t\t\t\n\n<div class=\"row row-collapse row-full-width align-middle\"  id=\"row-406697684\">\n\n<div class=\"col medium-6 small-12 large-6\"  ><div class=\"col-inner\"  >\n\n\t<div class=\"img has-hover x md-x lg-x y md-y lg-y\" id=\"image_1028146339\">\n\t\t\t\t\t\t\t\t<div class=\"img-inner dark\" style=\"margin:0px 0px 0px 20px;\">\n\t\t\t<img width=\"425\" height=\"425\" src=\"https:\/\/www.aydinlarharita.com\/wp-content\/uploads\/2020\/05\/18.png\" class=\"attachment-large size-large\" alt=\"\" loading=\"lazy\" srcset=\"https:\/\/www.aydinlarharita.com\/wp-content\/uploads\/2020\/05\/18.png 425w, https:\/\/www.aydinlarharita.com\/wp-content\/uploads\/2020\/05\/18-300x300.png 300w, https:\/\/www.aydinlarharita.com\/wp-content\/uploads\/2020\/05\/18-150x150.png 150w, https:\/\/www.aydinlarharita.com\/wp-content\/uploads\/2020\/05\/18-100x100.png 100w\" sizes=\"(max-width: 425px) 100vw, 425px\" \/>\t\t\t\t\t\t\n\t\t\t\t\t<\/div>\n\t\t\t\t\t\t\t\t\n<style scope=\"scope\">\n\n#image_1028146339 {\n  width: 91%;\n}\n<\/style>\n\t<\/div>\n\t\n\n\n<\/div><\/div>\n<div class=\"col medium-6 small-12 large-6\"  ><div class=\"col-inner text-center\" style=\"max-width:520px;padding:10% 10% 10% 10%;\" >\n\n<h3>M\u0130SYONUMUZ<\/h3>\n<p style=\"text-align: left;\">M\u00fchendislik eti\u011fine ba\u011fl\u0131 kalarak, <strong><span style=\"color: #0c5e04;\">Ayd\u0131nlar Harita M\u00fchendislik<\/span><\/strong>, projelerde tak\u0131m ruhu i\u00e7inde \u00e7al\u0131\u015f\u0131p, en kaliteli hizmeti verip, bunun devaml\u0131l\u0131\u011f\u0131n\u0131 sa\u011flamakt\u0131r. Bu ba\u011flamda kalite ve g\u00fcven anla\u015f\u0131y\u0131\u015f\u0131m\u0131zla akla gelen ilk \u015firketler aras\u0131nda yer almaktay\u0131z. \u015eirketimize, \u00e7a\u011f\u0131n gereklerine uygun olarak kaliteli hizmet, do\u011fru ve g\u00fcvenilir veri \u00fcretme konusunda bu g\u00fcne kadar g\u00f6stermi\u015f oldu\u011fumuz titizli\u011fimizi devam ettirerek daha ileri hedefleyece\u011fiz.<\/p>\n\n<\/div><\/div>\n\n\n<style scope=\"scope\">\n\n<\/style>\n<\/div>\n<div class=\"row row-collapse row-full-width align-middle\"  id=\"row-1961144408\">\n\n<div class=\"col medium-6 small-12 large-6\"  ><div class=\"col-inner text-center\" style=\"max-width:520px;padding:10% 10% 10% 10%;\" >\n\n<h3>V\u0130ZYONUMUZ<\/h3>\n<p style=\"text-align: left;\"><strong><span style=\"color: #0c5e04;\">Ayd\u0131nlar Harita M\u00fchendislik<\/span><\/strong>, Harita M\u00fchendisli\u011finin teknolojik t\u00fcm imkanlar\u0131n\u0131 kullanarak, gerek harita sekt\u00f6r\u00fcnde, gerek in\u015faat sekt\u00f6r\u00fcnde tasar\u0131m\u0131ndan uygulamas\u0131na kadar olan safhalar\u0131n en ba\u015f\u0131nda yer alan, harita ve proje hizmetini verme amac\u0131n\u0131 ta\u015f\u0131maktad\u0131r. Bu ama\u00e7la \u015firketimiz, donan\u0131m\u0131n\u0131 ve kadrosunu daima zengin tutmay\u0131 hedeflemi\u015ftir. Kurulu\u015fundan bu yana daima teknolojik yenilikleri ve mesleki alandaki geli\u015fmeleri takip etmi\u015f ve m\u00fc\u015fterilerine iyi ve kaliteli hizmet verme amac\u0131n\u0131 ta\u015f\u0131m\u0131\u015ft\u0131r.<\/p>\n\n<\/div><\/div>\n<div class=\"col medium-6 small-12 large-6\"  ><div class=\"col-inner\"  >\n\n\t<div class=\"img has-hover x md-x lg-x y md-y lg-y\" id=\"image_1755760786\">\n\t\t\t\t\t\t\t\t<div class=\"img-inner dark\" >\n\t\t\t<img width=\"425\" height=\"425\" src=\"https:\/\/www.aydinlarharita.com\/wp-content\/uploads\/2020\/05\/22.png\" class=\"attachment-large size-large\" alt=\"\" loading=\"lazy\" srcset=\"https:\/\/www.aydinlarharita.com\/wp-content\/uploads\/2020\/05\/22.png 425w, https:\/\/www.aydinlarharita.com\/wp-content\/uploads\/2020\/05\/22-300x300.png 300w, https:\/\/www.aydinlarharita.com\/wp-content\/uploads\/2020\/05\/22-150x150.png 150w, https:\/\/www.aydinlarharita.com\/wp-content\/uploads\/2020\/05\/22-100x100.png 100w\" sizes=\"(max-width: 425px) 100vw, 425px\" \/>\t\t\t\t\t\t\n\t\t\t\t\t<\/div>\n\t\t\t\t\t\t\t\t\n<style scope=\"scope\">\n\n#image_1755760786 {\n  width: 100%;\n}\n<\/style>\n\t<\/div>\n\t\n\n\n<\/div><\/div>\n\n\n<style scope=\"scope\">\n\n<\/style>\n<\/div>\n\n\t\t<\/div><!-- .section-content -->\n\n\t\t\n<style scope=\"scope\">\n\n#section_646873835 {\n  padding-top: 0px;\n  padding-bottom: 0px;\n  background-color: rgb(247, 247, 247);\n}\n#section_646873835 .section-bg-overlay {\n  background-color: rgba(255, 255, 255, 0.85);\n}\n<\/style>\n\t<\/section>\n\t\n<h3 style=\"text-align: center;\">Tolga AYDIN | Kurucu M\u00fcd\u00fcr<\/h3>\n\n","protected":false},"excerpt":{"rendered":"<p>Tolga AYDIN | Kurucu M\u00fcd\u00fcr<\/p>\n","protected":false},"author":1,"featured_media":0,"parent":0,"menu_order":0,"comment_status":"closed","ping_status":"closed","template":"","meta":[],"_links":{"self":[{"href":"https:\/\/www.aydinlarharita.com\/index.php\/wp-json\/wp\/v2\/pages\/17"}],"collection":[{"href":"https:\/\/www.aydinlarharita.com\/index.php\/wp-json\/wp\/v2\/pages"}],"about":[{"href":"https:\/\/www.aydinlarharita.com\/index.php\/wp-json\/wp\/v2\/types\/page"}],"author":[{"embeddable":true,"href":"https:\/\/www.aydinlarharita.com\/index.php\/wp-json\/wp\/v2\/users\/1"}],"replies":[{"embeddable":true,"href":"https:\/\/www.aydinlarharita.com\/index.php\/wp-json\/wp\/v2\/comments?post=17"}],"version-history":[{"count":11,"href":"https:\/\/www.aydinlarharita.com\/index.php\/wp-json\/wp\/v2\/pages\/17\/revisions"}],"predecessor-version":[{"id":189,"href":"https:\/\/www.aydinlarharita.com\/index.php\/wp-json\/wp\/v2\/pages\/17\/revisions\/189"}],"wp:attachment":[{"href":"https:\/\/www.aydinlarharita.com\/index.php\/wp-json\/wp\/v2\/media?parent=17"}],"curies":[{"name":"wp","href":"https:\/\/api.w.org\/{rel}","templated":true}]}}