{"id":19,"date":"2020-05-14T02:21:33","date_gmt":"2020-05-13T23:21:33","guid":{"rendered":"http:\/\/www.aydinlarharita.com\/?page_id=19"},"modified":"2025-10-19T18:40:46","modified_gmt":"2025-10-19T15:40:46","slug":"bitirilen-isler","status":"publish","type":"page","link":"https:\/\/www.aydinlarharita.com\/index.php\/bitirilen-isler\/","title":{"rendered":"Bitirilen \u0130\u015fler"},"content":{"rendered":"\n\t<section class=\"section dark\" id=\"section_14098384\">\n\t\t<div class=\"bg section-bg fill bg-fill  bg-loaded\" >\n\n\t\t\t\n\t\t\t\n\t\t\t\n\n\t\t<\/div><!-- .section-bg -->\n\n\t\t<div class=\"section-content relative\">\n\t\t\t\n\n<div class=\"row\"  id=\"row-133253721\">\n\n<div class=\"col small-12 large-12\"  ><div class=\"col-inner\"  >\n\n<div class=\"row align-center\"  id=\"row-117098893\">\n\n<div class=\"col medium-11 small-10 large-11\"  ><div class=\"col-inner text-center\" style=\"padding:50px 0px 10px 0px;margin:0px 0px -10px 0px;\" >\n\n<div class=\"container section-title-container\" style=\"margin-bottom:0px;max-width:80%;\"><h3 class=\"section-title section-title-center\"><b><\/b><span class=\"section-title-main\" style=\"font-size:60%;\">PROJE | M\u00dcHEND\u0130SL\u0130K<\/span><b><\/b><\/h3><\/div><!-- .section-title -->\n\n<h2>Bitirilen \u0130\u015fler<\/h2>\n<div class=\"gap-element clearfix\" style=\"display:block; height:auto; padding-top:40px\"><\/div>\n\n<div class=\"row\"  id=\"row-795079017\">\n\n<div class=\"col medium-4 small-12 large-4\"  ><div class=\"col-inner\"  >\n\n<h3>PMS Aluminyum Fabrika \u0130n\u015faat\u0131<\/h3>\n<p>Teknosab PMS Aluminyum Fabrika \u0130n\u015faat\u0131<\/p>\n\n<\/div><\/div>\n<div class=\"col medium-4 small-12 large-4\"  ><div class=\"col-inner\"  >\n\n<h3>\u0130zgi GES<\/h3>\n<p>Harita ve Projelendirme \u0130\u015fi<\/p>\n\n<\/div><\/div>\n<div class=\"col medium-4 small-12 large-4\"  ><div class=\"col-inner\"  >\n\n<h3>Bo\u011fazk\u00f6y HES CBS Projesi <\/h3>\n<p>Harita ve CBS Projelendirme Hizmetleri<\/p>\n\n<\/div><\/div>\n<div class=\"col medium-4 small-12 large-4\"  ><div class=\"col-inner\"  >\n\n<h3>Bergama RES<\/h3>\n<p>Halihaz\u0131r Harita ve Yol Projeleri Yap\u0131m\u0131<\/p>\n\n<\/div><\/div>\n<div class=\"col medium-4 small-12 large-4\"  ><div class=\"col-inner\"  >\n\n<h3>Teknosab Bey\u00e7elik Fabrika \u0130n\u015faat\u0131<\/h3>\n<p>Harita Hizmetleri<\/p>\n\n<\/div><\/div>\n<div class=\"col medium-4 small-12 large-4\"  ><div class=\"col-inner\"  >\n\n<h3>Teknosab SVB Metal Fabrika \u0130n\u015faat\u0131<\/h3>\n<p>Harita Hizmetleri<\/p>\n\n<\/div><\/div>\n<div class=\"col medium-4 small-12 large-4\"  ><div class=\"col-inner\"  >\n\n<h3>Teknoloji Organize Sanayi B\u00f6lgesi<\/h3>\n<p>900 hektar alan halihaz\u0131r haritalanmas\u0131 i\u015fi<\/p>\n\n<\/div><\/div>\n<div class=\"col medium-4 small-12 large-4\"  ><div class=\"col-inner\"  >\n\n<h3>Menemen &#8211; \u00c7andarl\u0131 Otoyolu<\/h3>\n<p> Menemen &#8211; Alia\u011fa &#8211; \u00c7andarl\u0131 otoyolu otokorkuluk aplikasyon ve \u00f6l\u00e7\u00fcm i\u015fi. (Toplam imalat \u00f6l\u00e7\u00fcm 400 km) <\/p>\n\n<\/div><\/div>\n<div class=\"col medium-4 small-12 large-4\"  ><div class=\"col-inner\"  >\n\n<h3>Uluda\u011f YBEM Halihaz\u0131r<\/h3>\n<p> Uluda\u011f Ya\u015fam Boyu E\u011fitim Merkezi halihaz\u0131r harita yap\u0131m i\u015fi. <\/p>\n\n<\/div><\/div>\n<div class=\"col medium-4 small-12 large-4\"  ><div class=\"col-inner\"  >\n\n<h3>Bergama RES<\/h3>\n<p> Bergama TM &#8211; Edremit TM ENH bran\u015fman\u0131, enerji nakil hatt\u0131 kamula\u015ft\u0131rma i\u015fi. (7,5 km &#8211; 154 kV)<\/p>\n\n<\/div><\/div>\n<div class=\"col medium-4 small-12 large-4\"  ><div class=\"col-inner\"  >\n\n<h3>Bo\u011fazk\u00f6y HES<\/h3>\n<p> Bo\u011fazk\u00f6y HES &#8211; Yeni\u015fehir TM Enerji nakil hatt\u0131 kamula\u015ft\u0131rma i\u015fi. (17 km &#8211; 34,5 kV)<\/p>\n\n<\/div><\/div>\n<div class=\"col medium-4 small-12 large-4\"  ><div class=\"col-inner\"  >\n\n<h3>Bal\u0131kesir \/ Band\u0131rma Y\u00fccel EKO Tar\u0131m Res<\/h3>\n<p>Umut \u0130n\u015faat A.\u015e. Harita Hizmeti<\/p>\n\n<\/div><\/div>\n<div class=\"col medium-4 small-12 large-4\"  ><div class=\"col-inner\"  >\n\n<h3>Bursa \/ Karacabey Alares2 Res<\/h3>\n<p>Harita Hizmeti<\/p>\n\n<\/div><\/div>\n<div class=\"col medium-4 small-12 large-4\"  ><div class=\"col-inner\"  >\n\n<h3>\u0130stanbul \/ Silivri Betim Enerji \u00d6merli Res<\/h3>\n<p>Umut \u0130n\u015faat A.\u015e. Harita Hizmeti <\/p>\n\n<\/div><\/div>\n<div class=\"col medium-4 small-12 large-4\"  ><div class=\"col-inner\"  >\n\n<h3>Bal\u0131kesir BASK\u0130 \u0130\u00e7me Suyu Hatlar\u0131 Yap\u0131m\u0131<\/h3>\n<p>Mustafa T\u00fcys\u00fcz \u0130n\u015faat San. ve Tic.Ltd.\u015eti. Harita Hizmeti <\/p>\n\n<\/div><\/div>\n<div class=\"col medium-4 small-12 large-4\"  ><div class=\"col-inner\"  >\n\n<h3>Dosab Moral Tekstil Fabrika \u0130n\u015faat\u0131<\/h3>\n<p>Harita Hizmeti <\/p>\n\n<\/div><\/div>\n<div class=\"col medium-4 small-12 large-4\"  ><div class=\"col-inner\"  >\n\n<h3>Teknosab PMS Aluminyum Fabrika \u0130n\u015faat\u0131 <\/h3>\n<p>Harita Hizmeti <\/p>\n\n<\/div><\/div>\n<div class=\"col medium-4 small-12 large-4\"  ><div class=\"col-inner\"  >\n\n<h3>Teknosab Warmhaus Fabrika \u0130n\u015faat\u0131 <\/h3>\n<p>Harita Hizmetleri<\/p>\n\n<\/div><\/div>\n\n<\/div>\n<a rel=\"noopener noreferrer\" href=\"http:\/\/www.aydinlarharita.com\/index.php\/iletisim\/\" target=\"_blank\" class=\"button primary is-underline\"  >\n    <span>Teklif Al<\/span>\n  <\/a>\n\n\n\n<\/div><\/div>\n\n\n<style scope=\"scope\">\n\n<\/style>\n<\/div>\n\n<\/div><\/div>\n\n<\/div>\n\n\t\t<\/div><!-- .section-content -->\n\n\t\t\n<style scope=\"scope\">\n\n#section_14098384 {\n  padding-top: 60px;\n  padding-bottom: 60px;\n  background-color: #273647;\n}\n<\/style>\n\t<\/section>\n\t\n\n","protected":false},"excerpt":{"rendered":"","protected":false},"author":1,"featured_media":0,"parent":0,"menu_order":0,"comment_status":"closed","ping_status":"closed","template":"","meta":[],"_links":{"self":[{"href":"https:\/\/www.aydinlarharita.com\/index.php\/wp-json\/wp\/v2\/pages\/19"}],"collection":[{"href":"https:\/\/www.aydinlarharita.com\/index.php\/wp-json\/wp\/v2\/pages"}],"about":[{"href":"https:\/\/www.aydinlarharita.com\/index.php\/wp-json\/wp\/v2\/types\/page"}],"author":[{"embeddable":true,"href":"https:\/\/www.aydinlarharita.com\/index.php\/wp-json\/wp\/v2\/users\/1"}],"replies":[{"embeddable":true,"href":"https:\/\/www.aydinlarharita.com\/index.php\/wp-json\/wp\/v2\/comments?post=19"}],"version-history":[{"count":23,"href":"https:\/\/www.aydinlarharita.com\/index.php\/wp-json\/wp\/v2\/pages\/19\/revisions"}],"predecessor-version":[{"id":408,"href":"https:\/\/www.aydinlarharita.com\/index.php\/wp-json\/wp\/v2\/pages\/19\/revisions\/408"}],"wp:attachment":[{"href":"https:\/\/www.aydinlarharita.com\/index.php\/wp-json\/wp\/v2\/media?parent=19"}],"curies":[{"name":"wp","href":"https:\/\/api.w.org\/{rel}","templated":true}]}}