{"id":21,"date":"2020-05-14T02:21:54","date_gmt":"2020-05-13T23:21:54","guid":{"rendered":"http:\/\/www.aydinlarharita.com\/?page_id=21"},"modified":"2025-10-20T11:03:10","modified_gmt":"2025-10-20T08:03:10","slug":"hizmetlerimiz","status":"publish","type":"page","link":"https:\/\/www.aydinlarharita.com\/index.php\/hizmetlerimiz\/","title":{"rendered":"Hizmetlerimiz"},"content":{"rendered":"\n\t<section class=\"section\" id=\"section_399666805\">\n\t\t<div class=\"bg section-bg fill bg-fill  bg-loaded\" >\n\n\t\t\t\n\t\t\t\n\t\t\t\n\t<div class=\"is-border\"\n\t\tstyle=\"border-color:rgb(235, 235, 235);border-width:1px 0px 0px 0px;\">\n\t<\/div>\n\n\t\t<\/div><!-- .section-bg -->\n\n\t\t<div class=\"section-content relative\">\n\t\t\t\n\n<div class=\"row row-large align-middle align-center\"  id=\"row-1972167540\">\n\n<div class=\"col medium-6 small-12 large-6\"  ><div class=\"col-inner text-center\"  >\n\n<p style=\"text-align: left;\">\u00a0<\/p>\n<h2 style=\"text-align: left;\">Firmam\u0131z\u0131n Faaliyet Alanlar\u0131<\/h2>\n<p style=\"text-align: left;\">Genel olarak a\u015fa\u011f\u0131da s\u0131raland\u0131\u011f\u0131 \u015fekildedir, fakat projelendirmesini yapt\u0131rmaya planlad\u0131\u011f\u0131n\u0131z i\u015fleriniz i\u00e7in ileti\u015fim formu \u00fczerinden veya GSM numaralar\u0131m\u0131z \u00fczerinden bizlerle isti\u015farede bulunabilr teklif alabilirsiniz.<\/p>\n<ul>\n<li style=\"text-align: left;\">Yap\u0131 Aplikasyon Projesi (HUS)<\/li>\n<li style=\"text-align: left;\">Halihaz\u0131r Harita<\/li>\n<li style=\"text-align: left;\">Plankote ve K\u00fcbaj Hesab\u0131<\/li>\n<li style=\"text-align: left;\">S\u0131n\u0131rland\u0131rma Haritalar\u0131<\/li>\n<li style=\"text-align: left;\">Kamula\u015ft\u0131rma ve \u0130rtifak Haritalar\u0131<\/li>\n<li style=\"text-align: left;\">Alt Yap\u0131 \u0130\u015fleri<\/li>\n<li style=\"text-align: left;\">\u00dcst Yap\u0131 \u0130\u015fleri<\/li>\n<li style=\"text-align: left;\">Vaziyet Plan\u0131, Ba\u011f\u0131ms\u0131z B\u00f6l\u00fcm Plan\u0131, R\u00f6perli Kroki<\/li>\n<li style=\"text-align: left;\">Yol Projeleri<\/li>\n<li style=\"text-align: left;\">\u0130fraz-Tevhit Uygulamalar\u0131<\/li>\n<\/ul>\n\n<\/div><\/div>\n<div class=\"col medium-6 small-12 large-6\"  data-animate=\"flipInY\"><div class=\"col-inner text-left box-shadow-2 box-shadow-5-hover\" style=\"background-color:rgb(255, 255, 255);padding:15px 15px 15px 15px;\" >\n\n\t<div class=\"img has-hover x md-x lg-x y md-y lg-y\" id=\"image_1835926178\">\n\t\t\t\t\t\t\t\t<div class=\"img-inner dark\" >\n\t\t\t<img width=\"425\" height=\"425\" src=\"https:\/\/www.aydinlarharita.com\/wp-content\/uploads\/2020\/05\/bite_isler.png\" class=\"attachment-large size-large\" alt=\"\" loading=\"lazy\" srcset=\"https:\/\/www.aydinlarharita.com\/wp-content\/uploads\/2020\/05\/bite_isler.png 425w, https:\/\/www.aydinlarharita.com\/wp-content\/uploads\/2020\/05\/bite_isler-300x300.png 300w, https:\/\/www.aydinlarharita.com\/wp-content\/uploads\/2020\/05\/bite_isler-150x150.png 150w, https:\/\/www.aydinlarharita.com\/wp-content\/uploads\/2020\/05\/bite_isler-100x100.png 100w\" sizes=\"(max-width: 425px) 100vw, 425px\" \/>\t\t\t\t\t\t\n\t\t\t\t\t<\/div>\n\t\t\t\t\t\t\t\t\n<style scope=\"scope\">\n\n#image_1835926178 {\n  width: 100%;\n}\n<\/style>\n\t<\/div>\n\t\n\n\n<\/div><\/div>\n\n\n<style scope=\"scope\">\n\n<\/style>\n<\/div>\n\n\t\t<\/div><!-- .section-content -->\n\n\t\t\n<style scope=\"scope\">\n\n#section_399666805 {\n  padding-top: 59px;\n  padding-bottom: 59px;\n  min-height: 300px;\n}\n<\/style>\n\t<\/section>\n\t\n<h3 style=\"text-align: center;\">Faaliyetlet Hakk\u0131nda Detayl\u0131 Anlat\u0131m<\/h3>\n<div class=\"row align-equal\"  id=\"row-667336037\">\n\n<div class=\"col medium-12 small-12 large-6\"  ><div class=\"col-inner\"  >\n\n\n\t\t<div class=\"icon-box featured-box icon-box-top text-left\"  >\n\t\t\t\t<div class=\"icon-box-text last-reset\">\n\t\t\t\t\t\t\t\t\t\n\n<h3>\n\u0130fraz<\/h3>\n<p>Tapuya tek bir parseli halinde kay\u0131tl\u0131 olan gayrimenkullerin, birden fazla parsel \u015feklinde ayr\u0131lmas\u0131na ifraz i\u015flemi denir. Gayrimenkul\u00fcn bir sahibi varken b\u00f6l\u00fcnmesi ya da bir k\u0131sm\u0131n\u0131n sat\u0131lmas\u0131 gibi durumlarda yap\u0131lan tapu k\u00fct\u00fc\u011f\u00fcndeki de\u011fi\u015fikliklerdir.<\/p>\n\n\t\t<\/div>\n\t<\/div><!-- .icon-box -->\n\t\n\t\n\n<\/div><\/div>\n<div class=\"col medium-12 small-12 large-6\"  ><div class=\"col-inner\"  >\n\n\n\t\t<div class=\"icon-box featured-box icon-box-top text-left\"  >\n\t\t\t\t<div class=\"icon-box-text last-reset\">\n\t\t\t\t\t\t\t\t\t\n\n<h3>\nTevhid<\/h3>\n<p>Ayn\u0131 mal sahibine veya sahiplerine ait birden fazla ta\u015f\u0131nmazlar\u0131n yeni bir numara alt\u0131nda birle\u015ftirme i\u015flemidir. Tevhid (birle\u015ftirme) yap\u0131lacak gayri menkullerin biti\u015fik olmas\u0131 \u015fartt\u0131r. Ayr\u0131ca \u00fczerinde rehin (ipotek, haciz) gibi tasarrufu k\u0131s\u0131tlayan engeller olmamas\u0131 gerekir. Tasarrufu k\u0131s\u0131tlayan engeller var ise hak sahiplerinin muvafakat\u0131 gerekir.<\/p>\n\n\t\t<\/div>\n\t<\/div><!-- .icon-box -->\n\t\n\t\n\n<\/div><\/div>\n<div class=\"col medium-12 small-12 large-6\"  ><div class=\"col-inner\"  >\n\n\n\t\t<div class=\"icon-box featured-box icon-box-top text-left\"  >\n\t\t\t\t<div class=\"icon-box-text last-reset\">\n\t\t\t\t\t\t\t\t\t\n\n<h3>\nYap\u0131 Aplikasyon Belgesi (HUS)<\/h3>\n<p>Yap\u0131 aplikasyon projesi, parsele ait kadastral aplikasyon krokisine dayan\u0131larak, vaziyet plan\u0131na ve ba\u011f\u0131ms\u0131z b\u00f6l\u00fcm planlar\u0131na g\u00f6re yap\u0131n\u0131n araziye ve katlara aplikasyonunu sa\u011flamak \u00fczere, y\u00fcr\u00fcrl\u00fckteki imar plan\u0131nda g\u00f6sterilen ve imar durum belgesinde belirtilen yap\u0131 yakla\u015fma mesafelerinin, yap\u0131 projelerine g\u00f6re yap\u0131, ba\u011f\u0131ms\u0131z b\u00f6l\u00fcmleri, eklenti, m\u00fc\u015ftemilat, teknik altyap\u0131 ve parsel k\u00f6\u015fe nokta koordinatlar\u0131n\u0131n ve yer kontrol noktalar\u0131 ile r\u00f6per al\u0131nacak noktalar\u0131n elektronik ortamda say\u0131sal olarak bilgi sistemlerine esas koordinatlar\u0131n\u0131n uygun standartlar\u0131nda \u00fcretilerek g\u00f6sterildi\u011fi projeyi ifade eder.<\/p>\n\n\t\t<\/div>\n\t<\/div><!-- .icon-box -->\n\t\n\t\n\n<\/div><\/div>\n<div class=\"col medium-12 small-12 large-6\"  ><div class=\"col-inner\"  >\n\n\n\t\t<div class=\"icon-box featured-box icon-box-top text-left\"  >\n\t\t\t\t<div class=\"icon-box-text last-reset\">\n\t\t\t\t\t\t\t\t\t\n\n<h3>\nHalihaz\u0131r Harita<\/h3>\n<p>Halihaz\u0131r Harita Nedir? Haritas\u0131 yap\u0131lacak alan i\u00e7inde kalan yery\u00fcz\u00fc topo\u011frafyas\u0131n\u0131n ve insan eli ile yap\u0131lm\u0131\u015f her t\u00fcrl\u00fc objenin (yollar,binalar,enerji nakil hatlar\u0131 vb.) kanun ve y\u00f6netmelikler h\u00fckm\u00fcnde \u00f6l\u00e7\u00fclmesi ve ka\u011f\u0131t \u00fczerinde g\u00f6sterilmesi i\u015flemidir. Bu haritalar, 1\/1000 veya 1\/2000 ve 1\/5000 \u00f6l\u00e7e\u011finde olabilir<\/p>\n\n\t\t<\/div>\n\t<\/div><!-- .icon-box -->\n\t\n\t\n\n<\/div><\/div>\n<div class=\"col medium-12 small-12 large-6\"  ><div class=\"col-inner\"  >\n\n\n\t\t<div class=\"icon-box featured-box icon-box-top text-left\"  >\n\t\t\t\t<div class=\"icon-box-text last-reset\">\n\t\t\t\t\t\t\t\t\t\n\n<h3>Plankote ve Kubaj Hesab\u0131<\/h3>\n<p>Plankote, projelere altl\u0131k te\u015fkil etmek amac\u0131yla haz\u0131rlanan, arazinin topografik durumu ile birlikte t\u00fcm detaylar\u0131 kapsayan haritalard\u0131r. Bu arazinin belirli aral\u0131klarla, sistematik olarak kotlar\u0131n belirlenmesi amac\u0131yla yap\u0131lan \u00e7al\u0131\u015fma ve sonu\u00e7 \u00fcr\u00fcn olarak meydana gelen, kotlu\/\u00f6l\u00e7ekli krokidir.<\/p>\n<p>K\u00fcbaj (Hafriyat) Hesab\u0131 \u00c7e\u015fitli \u00f6l\u00e7\u00fcm cihazlar\u0131 ve bilgisayar programlar\u0131 yard\u0131m\u0131yla s\u0131k\u0131\u015fma, kabarma, depo i\u015flemleri g\u00f6z \u00f6n\u00fcnde tutularak yap\u0131lan toprak hesab\u0131d\u0131r. Di\u011fer bir anlam olarak, bir malzemenin hacmini hesaplama i\u015flemidir.<\/p>\n\n\t\t<\/div>\n\t<\/div><!-- .icon-box -->\n\t\n\t\n\n<\/div><\/div>\n<div class=\"col medium-12 small-12 large-6\"  ><div class=\"col-inner\"  >\n\n\n\t\t<div class=\"icon-box featured-box icon-box-top text-left\"  >\n\t\t\t\t<div class=\"icon-box-text last-reset\">\n\t\t\t\t\t\t\t\t\t\n\n<h3>S\u0131n\u0131rland\u0131rma Haritalar\u0131<\/h3>\n<p>S\u0131n\u0131rland\u0131rma Haritalar\u0131; 2010\/22 say\u0131l\u0131 genelgede; \u201cTapuda kay\u0131tl\u0131 olup da hen\u00fcz kadastrosu yap\u0131lmam\u0131\u015f alanlardaki ta\u015f\u0131nmaz mallar\u0131n s\u0131n\u0131rlar\u0131n\u0131 belirlemek amac\u0131yla yap\u0131lan haritalard\u0131r.\u201d \u015feklinde tan\u0131mlanm\u0131\u015ft\u0131r.2010\/22 say\u0131l\u0131 genelge gere\u011fince s\u0131n\u0131rland\u0131rma; haritas\u0131 ilgilisi taraf\u0131ndan yapt\u0131r\u0131l\u0131p, kadastro m\u00fcd\u00fcrl\u00fc\u011f\u00fcnce de kontrol edilmesi gereken i\u015flemlerdendir.<br \/>Buna g\u00f6re parselini s\u0131n\u0131rland\u0131rma haritas\u0131 yapt\u0131rmak isteyen ilgilinin bu i\u015flemi, serbest harita m\u00fchendisine yapt\u0131rmas\u0131 gerekmektedir.<br \/>S\u0131n\u0131rland\u0131rma haritalar\u0131; teknik y\u00f6n\u00fc olmas\u0131 nedeniyle kadastro m\u00fcd\u00fcrl\u00fcklerini; tescili gerektirmesi nedeniyle de tapu m\u00fcd\u00fcrl\u00fcklerini ilgilendirmektedir. <strong>S\u0131n\u0131rland\u0131rma haritas\u0131 dosyas\u0131n\u0131n teknik kontrol\u00fcn\u00fcn yap\u0131lmas\u0131 i\u00e7in, y\u00fcklenici m\u00fchendis arac\u0131l\u0131\u011f\u0131yla\u00a0kadastro m\u00fcd\u00fcrl\u00fc\u011f\u00fcne ba\u015fvurulur.<\/strong><\/p>\n\n\t\t<\/div>\n\t<\/div><!-- .icon-box -->\n\t\n\t\n\n<\/div><\/div>\n<div class=\"col medium-12 small-12 large-6\"  ><div class=\"col-inner\"  >\n\n\n\t\t<div class=\"icon-box featured-box icon-box-top text-left\"  >\n\t\t\t\t<div class=\"icon-box-text last-reset\">\n\t\t\t\t\t\t\t\t\t\n\n<h3>Kamula\u015ft\u0131rma ve \u0130rtifak Haritalar\u0131<\/h3>\n<p>Kamula\u015ft\u0131rma haritalar\u0131 2010\/22 say\u0131l\u0131 genelgede; \u201cKamu yarar\u0131n\u0131n gerekti\u011fi hallerde ger\u00e7ek ve \u00f6zel hukuk ki\u015filerinin m\u00fclkiyetinde bulunan ta\u015f\u0131nmaz mallar\u0131n Devlet ve kamu t\u00fczel ki\u015fi m\u00fclkiyetine ge\u00e7irilmesi i\u015flemi i\u00e7in yap\u0131lan haritalard\u0131r.\u201d \u015feklinde tan\u0131mlanm\u0131\u015ft\u0131r.<\/p>\n\n\t\t<\/div>\n\t<\/div><!-- .icon-box -->\n\t\n\t\n\n<\/div><\/div>\n<div class=\"col medium-12 small-12 large-6\"  ><div class=\"col-inner\"  >\n\n\n\t\t<div class=\"icon-box featured-box icon-box-top text-left\"  >\n\t\t\t\t<div class=\"icon-box-text last-reset\">\n\t\t\t\t\t\t\t\t\t\n\n<h3>Ba\u011f\u0131ms\u0131z B\u00f6l\u00fcm Plan\u0131<\/h3>\n<p>Ba\u011f\u0131ms\u0131z B\u00f6l\u00fcm Plan\u0131: Kat m\u00fclkiyeti ya da irtifak\u0131 ile kurulmu\u015f olan bir ana ta\u015f\u0131nmaz\u0131n, kullan\u0131lmaya elveri\u015fli, daire, ofis, d\u00fckkan, ma\u011faza gibi ayr\u0131 ayr\u0131 her bir b\u00f6l\u00fcm\u00fcne ba\u011f\u0131ms\u0131z b\u00f6l\u00fcm ad\u0131 verilir. Ta\u015f\u0131nmaz\u0131n resmi \u00f6l\u00e7\u00fcmlere g\u00f6re kat m\u00fclkiyetine esas olan b\u00f6l\u00fcmlerinin plan\u0131 ba\u011f\u0131ms\u0131z b\u00f6l\u00fcm plan\u0131 ile yap\u0131l\u0131r.<\/p>\n\n\t\t<\/div>\n\t<\/div><!-- .icon-box -->\n\t\n\t\n\n<\/div><\/div>\n<div class=\"col medium-12 small-12 large-6\"  ><div class=\"col-inner\"  >\n\n\n\t\t<div class=\"icon-box featured-box icon-box-top text-left\"  >\n\t\t\t\t<div class=\"icon-box-text last-reset\">\n\t\t\t\t\t\t\t\t\t\n\n<h3>Harita Uygulamalar\u0131<\/h3>\n<p>Vaziyet plan\u0131, bir projede bulunan in\u015faat alan\u0131ndaki t\u00fcm varl\u0131klar\u0131n yerinin g\u00f6sterildi\u011fi \u00f6l\u00e7ekli haritalara denir. Vaziyet plan\u0131nda bina yeri, yol, y\u00f6n durumu, a\u011fa\u00e7, telefon dire\u011fi, su ve elektrik hatlar\u0131 gibi unsurlar yer al\u0131r.<\/p>\n<div class=\"LGOjhe\" role=\"heading\" aria-level=\"3\" data-attrid=\"wa:\/description\" data-hveid=\"CAwQAw\">\n<div class=\"d9FyLd\"><b>R\u00f6perli kroki<\/b> ile aplikasyon <b>krokisi<\/b><\/div>\n<p><span class=\"ILfuVd\"><span class=\"e24Kjd\"> Bir t\u00fcr aplikasyon <b>krokisi<\/b> olan <b>r\u00f6perli kroki<\/b> ise aplikasyon i\u015flemi sonucunda, yap\u0131n\u0131n koordinatlar\u0131n\u0131 ve kesin s\u0131n\u0131rlar\u0131n\u0131 g\u00f6sterir. \u00c7ekme mesafeleri, oturum alan\u0131 gibi bilgiler de <b>r\u00f6perli<\/b> krokide yer al\u0131r.<\/span><\/span><\/div>\n\n\t\t<\/div>\n\t<\/div><!-- .icon-box -->\n\t\n\t\n\n<\/div><\/div>\n<div class=\"col medium-12 small-12 large-6\"  ><div class=\"col-inner\"  >\n\n\n\t\t<div class=\"icon-box featured-box icon-box-top text-left\"  >\n\t\t\t\t<div class=\"icon-box-text last-reset\">\n\t\t\t\t\t\t\t\t\t\n\n<h3>\nYol Projeleri<\/h3>\n<p>Hen\u00fcz yol yap\u0131lmam\u0131\u015f bir b\u00f6lgede yeni bir yol yap\u0131lacaksa bu Yol i\u00e7in bir proje haz\u0131rlanmas\u0131 gerekmektedir. B\u00f6lgenin topografik yap\u0131s\u0131 istenilen yolun konforu uygun e\u011fimler belirlenerek Yol Projesi haz\u0131rlan\u0131r. \u00c7evre Yolu,Ba\u011flant\u0131 yollar\u0131 ara yollar gibi her t\u00fcrl\u00fc yol projesinin haz\u0131rlanmas\u0131 i\u00e7in yolun yap\u0131laca\u011f\u0131 alan\u0131n \u00fc\u00e7 boyutlu halihaz\u0131r haritalar\u0131n\u0131n \u00f6l\u00e7\u00fcmlerinin yap\u0131larak haz\u0131rlanmas\u0131 gerekiyor. Yol projesi kapsam\u0131nda ba\u015flayaca\u011f\u0131 bitece\u011fi noktalar gerek duyuldu\u011funda k\u00f6pr\u00fc viyad\u00fck t\u00fcnel istinat perdeleri \u00fcst-alt ge\u00e7itler menfezler ya\u011fmur suyu kanallar\u0131, ayd\u0131nlatma hatlar\u0131 gibi gerekli t\u00fcm altyap\u0131 gereksinimleri d\u00fc\u015f\u00fcn\u00fclerek \u00e7izimleri yap\u0131l\u0131r.<\/p>\n\n\t\t<\/div>\n\t<\/div><!-- .icon-box -->\n\t\n\t\n\n<\/div><\/div>\n<div class=\"col medium-12 small-12 large-6\"  ><div class=\"col-inner\"  >\n\n\n\t\t<div class=\"icon-box featured-box icon-box-top text-left\"  >\n\t\t\t\t<div class=\"icon-box-text last-reset\">\n\t\t\t\t\t\t\t\t\t\n\n<h3>\nAlt ve \u00dcst Yap\u0131 \u0130\u015fleri<\/h3>\n<p>\u0130\u00e7me suyu, at\u0131k su, kanalet, elektrik da\u011f\u0131t\u0131m hatt\u0131,vb gibi t\u00fcm alt yap\u0131 ve \u00fcst yap\u0131 i\u015flerinin al\u0131m, aplikasyon ve projelendirme i\u015flerini kapsamaktad\u0131r.<\/p>\n\n\t\t<\/div>\n\t<\/div><!-- .icon-box -->\n\t\n\t\n\n<\/div><\/div>\n<div class=\"col medium-12 small-12 large-6\"  ><div class=\"col-inner\"  >\n\n\n\t\t<div class=\"icon-box featured-box icon-box-top text-left\"  >\n\t\t\t\t<div class=\"icon-box-text last-reset\">\n\t\t\t\t\t\t\t\t\t\n\n<h3>CBS(GIS) Uygulamalar\u0131<\/h3>\n<p>Bir CBS\u2019de \u00f6rne\u011fin halihaz\u0131r haritay\u0131, mevcut i\u00e7me suyu, at\u0131k su gibi de\u011fi\u015fik altyap\u0131 sistemlerinin, herhangi bir sokak i\u00e7in tasarlanan tatbikat projesini ve as-built plan\u0131n\u0131 bir arada g\u00f6rmek, bunlarla ilgili konum analizlerini yapmak, mevcut sistemlerle yeni yap\u0131lacak sistemleri kar\u015f\u0131la\u015ft\u0131rabilmek m\u00fcmk\u00fcnd\u00fcr. CBS, planlama yaparken, pek \u00e7ok kriteri bir arada g\u00f6r\u00fcp, sorgulama, analiz ve modelleme yap\u0131lmas\u0131n\u0131 sa\u011flar. .<\/p>\n\n\t\t<\/div>\n\t<\/div><!-- .icon-box -->\n\t\n\t\n\n<\/div><\/div>\n\n\n<style scope=\"scope\">\n\n#row-667336037 > .col > .col-inner {\n  padding: 40px 40px 40px 40px;\n}\n<\/style>\n<\/div>\n\n","protected":false},"excerpt":{"rendered":"<p>Faaliyetlet Hakk\u0131nda Detayl\u0131 Anlat\u0131m<\/p>\n","protected":false},"author":1,"featured_media":0,"parent":0,"menu_order":0,"comment_status":"closed","ping_status":"closed","template":"","meta":[],"_links":{"self":[{"href":"https:\/\/www.aydinlarharita.com\/index.php\/wp-json\/wp\/v2\/pages\/21"}],"collection":[{"href":"https:\/\/www.aydinlarharita.com\/index.php\/wp-json\/wp\/v2\/pages"}],"about":[{"href":"https:\/\/www.aydinlarharita.com\/index.php\/wp-json\/wp\/v2\/types\/page"}],"author":[{"embeddable":true,"href":"https:\/\/www.aydinlarharita.com\/index.php\/wp-json\/wp\/v2\/users\/1"}],"replies":[{"embeddable":true,"href":"https:\/\/www.aydinlarharita.com\/index.php\/wp-json\/wp\/v2\/comments?post=21"}],"version-history":[{"count":6,"href":"https:\/\/www.aydinlarharita.com\/index.php\/wp-json\/wp\/v2\/pages\/21\/revisions"}],"predecessor-version":[{"id":417,"href":"https:\/\/www.aydinlarharita.com\/index.php\/wp-json\/wp\/v2\/pages\/21\/revisions\/417"}],"wp:attachment":[{"href":"https:\/\/www.aydinlarharita.com\/index.php\/wp-json\/wp\/v2\/media?parent=21"}],"curies":[{"name":"wp","href":"https:\/\/api.w.org\/{rel}","templated":true}]}}