{"id":23,"date":"2020-05-14T02:22:12","date_gmt":"2020-05-13T23:22:12","guid":{"rendered":"http:\/\/www.aydinlarharita.com\/?page_id=23"},"modified":"2025-10-19T18:54:11","modified_gmt":"2025-10-19T15:54:11","slug":"iletisim","status":"publish","type":"page","link":"https:\/\/www.aydinlarharita.com\/index.php\/iletisim\/","title":{"rendered":"\u0130leti\u015fim"},"content":{"rendered":"\n<div class=\"row\"  id=\"row-365614543\">\n\n<div class=\"col small-12 large-12\"  ><div class=\"col-inner\"  >\n\n<h3>\u0130\u0130leti\u015fim ve Teklif almak i\u00e7in l\u00fctfen formu doldurun<\/h3>\n<div class=\"row\"  id=\"row-1355573880\">\n\n<div class=\"col medium-4 small-12 large-4\"  ><div class=\"col-inner\"  >\n\n<p>Yapt\u0131rmak istedi\u011finiz projenin konusunu ve k\u0131smi detaylar\u0131n\u0131 bize iletin en k\u0131sa s\u00fcrede inceleyip sizinle ileti\u015fime ge\u00e7erek teklifimizi iletilim.<\/p>\n<p>Faaliyet alanlar\u0131m\u0131z ve hizmetlerimiz hakk\u0131nda detayl\u0131 bilgi edinmek i\u00e7in <a href=\"http:\/\/www.aydinlarharita.com\/index.php\/hizmetlerimiz\/\">hizmetler<\/a> sayfam\u0131z\u0131 inceleyebilirsiniz.<\/p>\n\n<\/div><\/div>\n<div class=\"col medium-8 small-12 large-8\"  ><div class=\"col-inner\"  >\n\n<div role=\"form\" class=\"wpcf7\" id=\"wpcf7-f89-o1\" lang=\"tr-TR\" dir=\"ltr\">\n<div class=\"screen-reader-response\"><\/div>\n<form action=\"\/index.php\/wp-json\/wp\/v2\/pages\/23#wpcf7-f89-o1\" method=\"post\" class=\"wpcf7-form\" novalidate=\"novalidate\">\n<div style=\"display: none;\">\n<input type=\"hidden\" name=\"_wpcf7\" value=\"89\" \/>\n<input type=\"hidden\" name=\"_wpcf7_version\" value=\"5.1.7\" \/>\n<input type=\"hidden\" name=\"_wpcf7_locale\" value=\"tr_TR\" \/>\n<input type=\"hidden\" name=\"_wpcf7_unit_tag\" value=\"wpcf7-f89-o1\" \/>\n<input type=\"hidden\" name=\"_wpcf7_container_post\" value=\"0\" \/>\n<\/div>\n<p><label> \u015eah\u0131s veya Firma \u0130smi (gerekli)<br \/>\n    <span class=\"wpcf7-form-control-wrap your-name\"><input type=\"text\" name=\"your-name\" value=\"\" size=\"40\" class=\"wpcf7-form-control wpcf7-text wpcf7-validates-as-required\" aria-required=\"true\" aria-invalid=\"false\" \/><\/span> <\/label><\/p>\n<p><label> Yetkili Ki\u015fi Tel No (gerekli)<br \/>\n    <span class=\"wpcf7-form-control-wrap tel-486\"><input type=\"tel\" name=\"tel-486\" value=\"\" size=\"40\" class=\"wpcf7-form-control wpcf7-text wpcf7-tel wpcf7-validates-as-required wpcf7-validates-as-tel\" aria-required=\"true\" aria-invalid=\"false\" \/><\/span> <\/label><\/p>\n<p><label> E-posta adresiniz (gerekli)<br \/>\n    <span class=\"wpcf7-form-control-wrap your-email\"><input type=\"email\" name=\"your-email\" value=\"\" size=\"40\" class=\"wpcf7-form-control wpcf7-text wpcf7-email wpcf7-validates-as-required wpcf7-validates-as-email\" aria-required=\"true\" aria-invalid=\"false\" \/><\/span> <\/label><\/p>\n<p><label> Konu<br \/>\n    <span class=\"wpcf7-form-control-wrap your-subject\"><input type=\"text\" name=\"your-subject\" value=\"\" size=\"40\" class=\"wpcf7-form-control wpcf7-text\" aria-invalid=\"false\" \/><\/span> <\/label><\/p>\n<p><label> \u0130letiniz<br \/>\n    <span class=\"wpcf7-form-control-wrap your-message\"><textarea name=\"your-message\" cols=\"40\" rows=\"10\" class=\"wpcf7-form-control wpcf7-textarea\" aria-invalid=\"false\"><\/textarea><\/span> <\/label><\/p>\n<p><input type=\"submit\" value=\"G\u00f6nder\" class=\"wpcf7-form-control wpcf7-submit\" \/><\/p>\n<div class=\"wpcf7-response-output wpcf7-display-none\"><\/div><\/form><\/div>\n\n\n<\/div><\/div>\n\n<\/div>\n<div class=\"row\"  id=\"row-1629555356\">\n\n<div class=\"col medium-6 small-12 large-6\"  ><div class=\"col-inner\"  >\n\n<p><iframe src=\"https:\/\/www.google.com\/maps\/embed?pb=!1m14!1m12!1m3!1d1373.4970719298503!2d29.017280306844945!3d40.194557218182844!2m3!1f0!2f0!3f0!3m2!1i1024!2i768!4f13.1!5e1!3m2!1str!2str!4v1760889181333!5m2!1str!2str\" width=\"600\" height=\"450\" style=\"border:0;\" allowfullscreen=\"\" loading=\"lazy\" referrerpolicy=\"no-referrer-when-downgrade\"><\/iframe><\/p>\n\n<\/div><\/div>\n<div class=\"col medium-6 small-12 large-6\"  ><div class=\"col-inner\"  >\n\n<p><strong>Adres:<\/strong> Adres: \u00c7ekirge Mh. Uluda\u011f Cd. No:32<br \/>Osmangazi \/ BURSA<\/p>\n<p><strong>Tel<\/strong>: <a href=\"tel:05346331667\">0534 633 16 67<\/a><\/p>\n<p><strong>Mail<\/strong>: <a href=\"mailto:info@aydinlarharita.com\">info@aydinlarharita.com<\/a><\/p>\n<p><strong>Web:<\/strong> <a href=\"http:\/\/www.aydinlarharita.com\">www.aydinlarharita.com<\/a><\/p>\n<p>\u00a0<\/p>\n<p>\u00a0<\/p>\n\n<\/div><\/div>\n\n<\/div>\n\n<\/div><\/div>\n\n<\/div>\n\n","protected":false},"excerpt":{"rendered":"","protected":false},"author":1,"featured_media":0,"parent":0,"menu_order":0,"comment_status":"closed","ping_status":"closed","template":"","meta":[],"_links":{"self":[{"href":"https:\/\/www.aydinlarharita.com\/index.php\/wp-json\/wp\/v2\/pages\/23"}],"collection":[{"href":"https:\/\/www.aydinlarharita.com\/index.php\/wp-json\/wp\/v2\/pages"}],"about":[{"href":"https:\/\/www.aydinlarharita.com\/index.php\/wp-json\/wp\/v2\/types\/page"}],"author":[{"embeddable":true,"href":"https:\/\/www.aydinlarharita.com\/index.php\/wp-json\/wp\/v2\/users\/1"}],"replies":[{"embeddable":true,"href":"https:\/\/www.aydinlarharita.com\/index.php\/wp-json\/wp\/v2\/comments?post=23"}],"version-history":[{"count":16,"href":"https:\/\/www.aydinlarharita.com\/index.php\/wp-json\/wp\/v2\/pages\/23\/revisions"}],"predecessor-version":[{"id":415,"href":"https:\/\/www.aydinlarharita.com\/index.php\/wp-json\/wp\/v2\/pages\/23\/revisions\/415"}],"wp:attachment":[{"href":"https:\/\/www.aydinlarharita.com\/index.php\/wp-json\/wp\/v2\/media?parent=23"}],"curies":[{"name":"wp","href":"https:\/\/api.w.org\/{rel}","templated":true}]}}